{"id":4874,"date":"2018-08-31T13:40:51","date_gmt":"2018-08-31T17:40:51","guid":{"rendered":"http:\/\/viarepublique.cp01.id-3.net\/?page_id=4874"},"modified":"2018-10-01T11:53:17","modified_gmt":"2018-10-01T15:53:17","slug":"notre-agence","status":"publish","type":"page","link":"https:\/\/viacapitalerd.com\/es\/notre-agence\/","title":{"rendered":"Nuestra agencia"},"content":{"rendered":"<div id='av_section_1' class='avia-section main_color avia-section-default avia-no-shadow avia-full-stretch av-section-color-overlay-active avia-bg-style-fixed  avia-builder-el-0  el_before_av_section  avia-builder-el-first    av-minimum-height av-minimum-height-custom  container_wrap sidebar_right' style='background-repeat: no-repeat; background-image: url(https:\/\/viacapitalerd.com\/wp-content\/uploads\/2018\/06\/Office1-1.jpg);background-attachment: fixed; background-position: top center;  '  data-section-bg-repeat='stretch'><div class='av-section-color-overlay-wrap'><div class='av-section-color-overlay' style='opacity: 0.8; background-color: #2eb4e8; background-image: url(https:\/\/viacapitalerd.com\/wp-content\/themes\/enfold\/images\/background-images\/diagonal-bold-light.png); background-repeat: repeat;'><\/div><div class='container' style='height:400px'><main  role=\"main\" itemprop=\"mainContentOfPage\"  class='template-page content  av-content-small alpha units'><div class='post-entry post-entry-type-page post-entry-4874'><div class='entry-content-wrapper clearfix'>\n<div style='padding-bottom:10px; color:#ffffff;font-size:65px;' class='av-special-heading av-special-heading-h1 custom-color-heading blockquote modern-quote  avia-builder-el-1  avia-builder-el-no-sibling   av-inherit-size '><h1 class='av-special-heading-tag '  itemprop=\"headline\"  >Nuestra agencia<\/h1><div class ='av-subheading av-subheading_below av_custom_color ' style='font-size:15px;'><p>VIA CAPITALE REPUBLICA DOMINICANA<\/p>\n<\/div><div class='special-heading-border'><div class='special-heading-inner-border' style='border-color:#ffffff'><\/div><\/div><\/div>\n\n<\/div><\/div><\/main><!-- close content main element --><\/div><\/div><\/div><div id='av_section_2' class='avia-section main_color avia-section-default avia-no-shadow avia-bg-style-scroll  avia-builder-el-2  el_after_av_section  el_before_av_masonry_gallery   container_wrap sidebar_right' style=' '  ><div class='container' ><div class='template-page content  av-content-small alpha units'><div class='post-entry post-entry-type-page post-entry-4874'><div class='entry-content-wrapper clearfix'>\n<div class=\"flex_column av_one_half  flex_column_div av-zero-column-padding first  avia-builder-el-3  el_before_av_one_half  avia-builder-el-first  \" style='border-radius:0px; '><section class=\"av_textblock_section \"  itemscope=\"itemscope\" itemtype=\"https:\/\/schema.org\/CreativeWork\" ><div class='avia_textblock  '   itemprop=\"text\" ><h2>Saludos,<\/h2>\n<h3>Estimados amigos:<\/h3>\n<p>Les presento a la Agencia Inmobiliaria V\u00edacapitale, de origen canadiense, cuya finalidad es acompa\u00f1arles para que hagan la mejor elecci\u00f3n para que su capital est\u00e9 garantizado, con m\u00e1s de 25 a\u00f1os de experiencia en el mercado inmobiliario y con m\u00e1s de once (11) mil propiedades que esperan por usted en Canad\u00e1, M\u00e9xico y Rep\u00fablica Dominicana.<\/p>\n<p>En RD Contamos con un equipo de experimentados agentes inmobiliarios de cuyo perfil se destaca en su mayor\u00eda ser abogados con vasta experiencia en Derecho inmobiliario y un excelente manejo de los principios del \u00e1rea inmobiliaria de la R.D.<\/p>\n<p>V\u00eda capitale en RD viene de la mano del <a href=\"\/es\/notre-equipe\/b\/DD-9a012f\/pierre-georges-dufanal\/\">sr. Pierre Georges Dufanal<\/a> quien es su gerente general y que cuenta con m\u00e1s de 20 a\u00f1os de experiencia en New York, Canad\u00e1 entre otros pa\u00edses.<\/p>\n<\/div><\/section><\/div><div class=\"flex_column av_one_half  flex_column_div av-zero-column-padding   avia-builder-el-5  el_after_av_one_half  avia-builder-el-last  \" style='border-radius:0px; '><p><section class=\"av_textblock_section \"  itemscope=\"itemscope\" itemtype=\"https:\/\/schema.org\/CreativeWork\" ><div class='avia_textblock  '   itemprop=\"text\" ><p>Para los agentes inmobiliarios en RD tenemos la m\u00e1s amplia oportunidad para el desarrollo de su carrera como agentes, les esperamos no duden en contactarnos, las puertas est\u00e1n abiertas.<\/p>\n<p>Es importante se\u00f1alar que servimos a los clientes en las tres lenguas mas famosas del mundo, es decir; Franc\u00e9s, Ingles y Espa\u00f1ol.<\/p>\n<p><strong>Estamos ubicados en la Rep\u00fablica Dominicana, en el domicilio social principal permanente en el N\u00famero:<\/strong><\/p>\n<p>387 Plaza Marbella, de la Avenida R\u00f3mulo Betancourt, Suite 302,<br \/>\nSector Bella Vista, Santo Domingo, Distrito Nacional<br \/>\n<strong>Tel\u00e9fono :<\/strong>\u00a0<a href=\"tel:8096925050\">809-692-5050<\/a><br \/>\n<strong>correo electr\u00f3nico :<\/strong>\u00a0<a href=\"mailto:rd@viacapitale.com\">rd@viacapitale.com<\/a><\/p>\n<\/div><\/section><br \/>\n<div class='avia-button-wrap avia-button-left  avia-builder-el-7  el_after_av_textblock  avia-builder-el-last  '><a href='https:\/\/viacapitalerd.com\/es\/notre-equipe\/'  class='avia-button   avia-icon_select-no avia-color-theme-color avia-size-large avia-position-left '   ><span class='avia_iconbox_title' >Vea nuestro equipo<\/span><\/a><\/div><\/p><\/div><\/p>\n","protected":false},"excerpt":{"rendered":"","protected":false},"author":1,"featured_media":0,"parent":0,"menu_order":0,"comment_status":"closed","ping_status":"closed","template":"","meta":{"footnotes":""},"_links":{"self":[{"href":"https:\/\/viacapitalerd.com\/es\/wp-json\/wp\/v2\/pages\/4874"}],"collection":[{"href":"https:\/\/viacapitalerd.com\/es\/wp-json\/wp\/v2\/pages"}],"about":[{"href":"https:\/\/viacapitalerd.com\/es\/wp-json\/wp\/v2\/types\/page"}],"author":[{"embeddable":true,"href":"https:\/\/viacapitalerd.com\/es\/wp-json\/wp\/v2\/users\/1"}],"replies":[{"embeddable":true,"href":"https:\/\/viacapitalerd.com\/es\/wp-json\/wp\/v2\/comments?post=4874"}],"version-history":[{"count":5,"href":"https:\/\/viacapitalerd.com\/es\/wp-json\/wp\/v2\/pages\/4874\/revisions"}],"predecessor-version":[{"id":5066,"href":"https:\/\/viacapitalerd.com\/es\/wp-json\/wp\/v2\/pages\/4874\/revisions\/5066"}],"wp:attachment":[{"href":"https:\/\/viacapitalerd.com\/es\/wp-json\/wp\/v2\/media?parent=4874"}],"curies":[{"name":"wp","href":"https:\/\/api.w.org\/{rel}","templated":true}]}}